{"id":60,"date":"2023-11-14T20:58:43","date_gmt":"2023-11-14T19:58:43","guid":{"rendered":"http:\/\/welfare.cmsmasters.net\/?page_id=60"},"modified":"2024-05-23T17:11:04","modified_gmt":"2024-05-23T15:11:04","slug":"contacto","status":"publish","type":"page","link":"https:\/\/gimperamodels.com\/en\/contacto\/","title":{"rendered":"Contact us"},"content":{"rendered":"<div data-elementor-type=\"wp-page\" data-elementor-id=\"60\" class=\"elementor elementor-60\" data-elementor-post-type=\"page\">\n\t\t\t\t<div class=\"elementor-element elementor-element-d61f1bd e-flex e-con-boxed elementor-invisible e-con e-parent\" data-id=\"d61f1bd\" data-element_type=\"container\" data-settings=\"{&quot;animation&quot;:&quot;fadeIn&quot;}\">\n\t\t\t\t\t<div class=\"e-con-inner\">\n\t\t<div class=\"elementor-element elementor-element-ae88157 e-con-full e-flex e-con e-child\" data-id=\"ae88157\" data-element_type=\"container\">\n\t\t\t\t<div class=\"elementor-element elementor-element-3ca47be elementor-widget elementor-widget-heading\" data-id=\"3ca47be\" data-element_type=\"widget\" data-widget_type=\"heading.default\">\n\t\t\t\t<div class=\"elementor-widget-container\">\n\t\t\t\t\t<h2 class=\"elementor-heading-title elementor-size-default\">Contact us<\/h2>\t\t\t\t<\/div>\n\t\t\t\t<\/div>\n\t\t\t\t<div class=\"elementor-element elementor-element-0ccee3b elementor-widget__width-initial elementor-widget-tablet__width-initial elementor-button-align-stretch elementor-widget elementor-widget-form\" data-id=\"0ccee3b\" data-element_type=\"widget\" data-settings=\"{&quot;step_next_label&quot;:&quot;Siguiente&quot;,&quot;step_previous_label&quot;:&quot;Anterior&quot;,&quot;button_width&quot;:&quot;100&quot;,&quot;step_type&quot;:&quot;number_text&quot;,&quot;step_icon_shape&quot;:&quot;circle&quot;}\" data-widget_type=\"form.default\">\n\t\t\t\t<div class=\"elementor-widget-container\">\n\t\t\t\t\t\t\t<form class=\"elementor-form\" method=\"post\" name=\"Nuevo formulario\" aria-label=\"Nuevo formulario\" action=\"\">\n\t\t\t<input type=\"hidden\" name=\"post_id\" value=\"60\"\/>\n\t\t\t<input type=\"hidden\" name=\"form_id\" value=\"0ccee3b\"\/>\n\t\t\t<input type=\"hidden\" name=\"referer_title\" value=\"Gimpera Models | Agencia de Modelos en Barcelona | Cont\u00e1ctanos\" \/>\n\n\t\t\t\t\t\t\t<input type=\"hidden\" name=\"queried_id\" value=\"60\"\/>\n\t\t\t\n\t\t\t<div class=\"elementor-form-fields-wrapper elementor-labels-above\">\n\t\t\t\t\t\t\t\t<div class=\"elementor-field-type-text elementor-field-group elementor-column elementor-field-group-name elementor-col-50 elementor-field-required\">\n\t\t\t\t\t\t\t\t\t\t\t\t<label for=\"form-field-name\" class=\"elementor-field-label\">\n\t\t\t\t\t\t\t\tName\t\t\t\t\t\t\t<\/label>\n\t\t\t\t\t\t\t\t\t\t\t\t\t\t<input size=\"1\" type=\"text\" name=\"form_fields[name]\" id=\"form-field-name\" class=\"elementor-field elementor-size-sm  elementor-field-textual\" required=\"required\">\n\t\t\t\t\t\t\t\t\t\t\t<\/div>\n\t\t\t\t\t\t\t\t<div class=\"elementor-field-type-email elementor-field-group elementor-column elementor-field-group-email elementor-col-50 elementor-field-required\">\n\t\t\t\t\t\t\t\t\t\t\t\t<label for=\"form-field-email\" class=\"elementor-field-label\">\n\t\t\t\t\t\t\t\tEmail\t\t\t\t\t\t\t<\/label>\n\t\t\t\t\t\t\t\t\t\t\t\t\t\t<input size=\"1\" type=\"email\" name=\"form_fields[email]\" id=\"form-field-email\" class=\"elementor-field elementor-size-sm  elementor-field-textual\" required=\"required\">\n\t\t\t\t\t\t\t\t\t\t\t<\/div>\n\t\t\t\t\t\t\t\t<div class=\"elementor-field-type-textarea elementor-field-group elementor-column elementor-field-group-message elementor-col-100\">\n\t\t\t\t\t\t\t\t\t\t\t\t<label for=\"form-field-message\" class=\"elementor-field-label\">\n\t\t\t\t\t\t\t\tMessage*\t\t\t\t\t\t\t<\/label>\n\t\t\t\t\t\t<textarea class=\"elementor-field-textual elementor-field  elementor-size-sm\" name=\"form_fields[message]\" id=\"form-field-message\" rows=\"4\"><\/textarea>\t\t\t\t<\/div>\n\t\t\t\t\t\t\t\t<div class=\"elementor-field-type-html elementor-field-group elementor-column elementor-field-group-field_5033aa0 elementor-col-100\">\n\t\t\t\t\tOn behalf of the company we process the information you provide in order to provide the requested service. The data provided will be kept for as long as the business relationship is maintained or for the time necessary to comply with legal obligations. The information may be provided to data processors for the maintenance of this website or in cases where there is a legal obligation. You have the right to obtain confirmation as to whether SHOOTING DAYS, S.L. is processing your personal data, therefore you have the right to access your personal data, rectify inaccurate data or request its deletion when the data is no longer necessary. You can access additional information about how we treat your data in the section \"Data Protection Policy\" on this website.\t\t\t\t<\/div>\n\t\t\t\t\t\t\t\t<div class=\"elementor-field-type-acceptance elementor-field-group elementor-column elementor-field-group-field_797ab67 elementor-col-100 elementor-field-required\">\n\t\t\t\t\t\t\t<div class=\"elementor-field-subgroup\">\n\t\t\t<span class=\"elementor-field-option\">\n\t\t\t\t<input type=\"checkbox\" name=\"form_fields[field_797ab67]\" id=\"form-field-field_797ab67\" class=\"elementor-field elementor-size-sm  elementor-acceptance-field\" required=\"required\">\n\t\t\t\t<label for=\"form-field-field_797ab67\">I have been informed, understand and authorize the processing of my personal data. <\/label>\t\t\t<\/span>\n\t\t<\/div>\n\t\t\t\t\t\t<\/div>\n\t\t\t\t\t\t\t\t<div class=\"elementor-field-type-recaptcha_v3 elementor-field-group elementor-column elementor-field-group-field_621be9f elementor-col-100 recaptcha_v3-inline\">\n\t\t\t\t\t<div class=\"elementor-field\" id=\"form-field-field_621be9f\"><div class=\"elementor-g-recaptcha\" data-sitekey=\"6Le2OuYpAAAAAL5oi81zvCGFcYgeiBFIZDtIKqfM\" data-type=\"v3\" data-action=\"Form\" data-badge=\"inline\" data-size=\"invisible\"><\/div><\/div>\t\t\t\t<\/div>\n\t\t\t\t\t\t\t\t<div class=\"elementor-field-group elementor-column elementor-field-type-submit elementor-col-100 e-form__buttons\">\n\t\t\t\t\t<button class=\"elementor-button elementor-size-sm\" type=\"submit\">\n\t\t\t\t\t\t<span class=\"elementor-button-content-wrapper\">\n\t\t\t\t\t\t\t\t\t\t\t\t\t\t\t\t\t\t\t\t\t\t<span class=\"elementor-button-text\">Send<\/span>\n\t\t\t\t\t\t\t\t\t\t\t\t\t<\/span>\n\t\t\t\t\t<\/button>\n\t\t\t\t<\/div>\n\t\t\t<\/div>\n\t\t<input type=\"hidden\" name=\"trp-form-language\" value=\"en\"\/><\/form>\n\t\t\t\t\t\t<\/div>\n\t\t\t\t<\/div>\n\t\t\t\t<\/div>\n\t\t<div class=\"elementor-element elementor-element-c01d89a e-con-full e-flex e-con e-child\" data-id=\"c01d89a\" data-element_type=\"container\">\n\t\t\t\t<div class=\"elementor-element elementor-element-de270c0 elementor-widget__width-initial elementor-widget-laptop__width-initial elementor-widget-tablet__width-inherit elementor-widget elementor-widget-google_maps\" data-id=\"de270c0\" data-element_type=\"widget\" data-widget_type=\"google_maps.default\">\n\t\t\t\t<div class=\"elementor-widget-container\">\n\t\t\t\t\t\t\t<div class=\"elementor-custom-embed\">\n\t\t\t<iframe loading=\"lazy\"\n\t\t\t\t\tsrc=\"https:\/\/maps.google.com\/maps?q=Gimpera%20Models%2C%20Pl.%20de%20Francesc%20Maci%C3%A0%2C%204%2C%203%C2%BA%201%C2%AA%2C%2008021%20Barcelona&#038;t=m&#038;z=17&#038;output=embed&#038;iwloc=near\"\n\t\t\t\t\ttitle=\"Gimpera Models, Pl. de Francesc Maci\u00e0, 4, 3\u00ba 1\u00aa, 08021 Barcelona\"\n\t\t\t\t\taria-label=\"Gimpera Models, Pl. de Francesc Maci\u00e0, 4, 3\u00ba 1\u00aa, 08021 Barcelona\"\n\t\t\t><\/iframe>\n\t\t<\/div>\n\t\t\t\t\t\t<\/div>\n\t\t\t\t<\/div>\n\t\t\t\t<\/div>\n\t\t\t\t\t<\/div>\n\t\t\t\t<\/div>\n\t\t<div class=\"elementor-element elementor-element-f639630 e-flex e-con-boxed elementor-invisible e-con e-parent\" data-id=\"f639630\" data-element_type=\"container\" data-settings=\"{&quot;animation&quot;:&quot;fadeIn&quot;}\">\n\t\t\t\t\t<div class=\"e-con-inner\">\n\t\t\t\t<div class=\"elementor-element elementor-element-6354174 elementor-widget__width-initial elementor-widget-mobile_extra__width-initial elementor-widget-mobile__width-inherit elementor-view-default elementor-position-block-start elementor-mobile-position-block-start elementor-widget elementor-widget-icon-box\" data-id=\"6354174\" data-element_type=\"widget\" data-widget_type=\"icon-box.default\">\n\t\t\t\t<div class=\"elementor-widget-container\">\n\t\t\t\t\t\t\t<div class=\"elementor-icon-box-wrapper\">\n\n\t\t\t\t\t\t<div class=\"elementor-icon-box-icon\">\n\t\t\t\t<a href=\"https:\/\/maps.app.goo.gl\/hDGbXrjMX8feGJpe7\" target=\"_blank\" class=\"elementor-icon\" tabindex=\"-1\" aria-label=\"Francesc Maci&agrave; Sq. 4, 3rd 1st&lt;br&gt;08021 Barcelona\">\n\t\t\t\t<svg aria-hidden=\"true\" class=\"e-font-icon-svg e-fas-map-marker-alt\" viewbox=\"0 0 384 512\" xmlns=\"http:\/\/www.w3.org\/2000\/svg\"><path d=\"M172.268 501.67C26.97 291.031 0 269.413 0 192 0 85.961 85.961 0 192 0s192 85.961 192 192c0 77.413-26.97 99.031-172.268 309.67-9.535 13.774-29.93 13.773-39.464 0zM192 272c44.183 0 80-35.817 80-80s-35.817-80-80-80-80 35.817-80 80 35.817 80 80 80z\"><\/path><\/svg>\t\t\t\t<\/a>\n\t\t\t<\/div>\n\t\t\t\n\t\t\t\t\t\t<div class=\"elementor-icon-box-content\">\n\n\t\t\t\t\t\t\t\t\t<h3 class=\"elementor-icon-box-title\">\n\t\t\t\t\t\t<a href=\"https:\/\/maps.app.goo.gl\/hDGbXrjMX8feGJpe7\" target=\"_blank\" >\n\t\t\t\t\t\t\tFrancesc Maci\u00e0 Sq. 4, 3rd 1st<br>08021 Barcelona\t\t\t\t\t\t<\/a>\n\t\t\t\t\t<\/h3>\n\t\t\t\t\n\t\t\t\t\n\t\t\t<\/div>\n\t\t\t\n\t\t<\/div>\n\t\t\t\t\t\t<\/div>\n\t\t\t\t<\/div>\n\t\t\t\t<div class=\"elementor-element elementor-element-993af82 elementor-widget__width-initial elementor-widget-mobile_extra__width-initial elementor-widget-mobile__width-inherit elementor-view-default elementor-position-block-start elementor-mobile-position-block-start elementor-widget elementor-widget-icon-box\" data-id=\"993af82\" data-element_type=\"widget\" data-widget_type=\"icon-box.default\">\n\t\t\t\t<div class=\"elementor-widget-container\">\n\t\t\t\t\t\t\t<div class=\"elementor-icon-box-wrapper\">\n\n\t\t\t\t\t\t<div class=\"elementor-icon-box-icon\">\n\t\t\t\t<a href=\"mailto:info@gimperamodels.com\" class=\"elementor-icon\" tabindex=\"-1\" aria-label=\"info@gimperamodels.com\">\n\t\t\t\t<svg aria-hidden=\"true\" class=\"e-font-icon-svg e-far-envelope\" viewbox=\"0 0 512 512\" xmlns=\"http:\/\/www.w3.org\/2000\/svg\"><path d=\"M464 64H48C21.49 64 0 85.49 0 112v288c0 26.51 21.49 48 48 48h416c26.51 0 48-21.49 48-48V112c0-26.51-21.49-48-48-48zm0 48v40.805c-22.422 18.259-58.168 46.651-134.587 106.49-16.841 13.247-50.201 45.072-73.413 44.701-23.208.375-56.579-31.459-73.413-44.701C106.18 199.465 70.425 171.067 48 152.805V112h416zM48 400V214.398c22.914 18.251 55.409 43.862 104.938 82.646 21.857 17.205 60.134 55.186 103.062 54.955 42.717.231 80.509-37.199 103.053-54.947 49.528-38.783 82.032-64.401 104.947-82.653V400H48z\"><\/path><\/svg>\t\t\t\t<\/a>\n\t\t\t<\/div>\n\t\t\t\n\t\t\t\t\t\t<div class=\"elementor-icon-box-content\">\n\n\t\t\t\t\t\t\t\t\t<h3 class=\"elementor-icon-box-title\">\n\t\t\t\t\t\t<a href=\"mailto:info@gimperamodels.com\" >\n\t\t\t\t\t\t\tinfo@gimperamodels.com\t\t\t\t\t\t<\/a>\n\t\t\t\t\t<\/h3>\n\t\t\t\t\n\t\t\t\t\t\t\t\t\t<p class=\"elementor-icon-box-description\">\n\t\t\t\t\t\tIf you have any question, write us to our e-mail\t\t\t\t\t<\/p>\n\t\t\t\t\n\t\t\t<\/div>\n\t\t\t\n\t\t<\/div>\n\t\t\t\t\t\t<\/div>\n\t\t\t\t<\/div>\n\t\t\t\t<div class=\"elementor-element elementor-element-44f8f85 elementor-widget__width-initial elementor-widget-mobile_extra__width-initial elementor-widget-mobile__width-inherit elementor-view-default elementor-position-block-start elementor-mobile-position-block-start elementor-widget elementor-widget-icon-box\" data-id=\"44f8f85\" data-element_type=\"widget\" data-widget_type=\"icon-box.default\">\n\t\t\t\t<div class=\"elementor-widget-container\">\n\t\t\t\t\t\t\t<div class=\"elementor-icon-box-wrapper\">\n\n\t\t\t\t\t\t<div class=\"elementor-icon-box-icon\">\n\t\t\t\t<a href=\"tel:+34932405464\" class=\"elementor-icon\" tabindex=\"-1\" aria-label=\"93 240 54 64\">\n\t\t\t\t<svg aria-hidden=\"true\" class=\"e-font-icon-svg e-fas-phone-alt\" viewbox=\"0 0 512 512\" xmlns=\"http:\/\/www.w3.org\/2000\/svg\"><path d=\"M497.39 361.8l-112-48a24 24 0 0 0-28 6.9l-49.6 60.6A370.66 370.66 0 0 1 130.6 204.11l60.6-49.6a23.94 23.94 0 0 0 6.9-28l-48-112A24.16 24.16 0 0 0 122.6.61l-104 24A24 24 0 0 0 0 48c0 256.5 207.9 464 464 464a24 24 0 0 0 23.4-18.6l24-104a24.29 24.29 0 0 0-14.01-27.6z\"><\/path><\/svg>\t\t\t\t<\/a>\n\t\t\t<\/div>\n\t\t\t\n\t\t\t\t\t\t<div class=\"elementor-icon-box-content\">\n\n\t\t\t\t\t\t\t\t\t<h3 class=\"elementor-icon-box-title\">\n\t\t\t\t\t\t<a href=\"tel:+34932405464\" >\n\t\t\t\t\t\t\t93 240 54 64\t\t\t\t\t\t<\/a>\n\t\t\t\t\t<\/h3>\n\t\t\t\t\n\t\t\t\t\t\t\t\t\t<p class=\"elementor-icon-box-description\">\n\t\t\t\t\t\tCall us pressing our number\t\t\t\t\t<\/p>\n\t\t\t\t\n\t\t\t<\/div>\n\t\t\t\n\t\t<\/div>\n\t\t\t\t\t\t<\/div>\n\t\t\t\t<\/div>\n\t\t\t\t\t<\/div>\n\t\t\t\t<\/div>\n\t\t\t\t<\/div>","protected":false},"excerpt":{"rendered":"<p>Cont\u00e1ctanos Pl. Francesc Maci\u00e0 4, 3\u00ba 1\u00ba08021 Barcelona info@gimperamodels.com Ante cualquier duda, escr\u00edbenos a nuestro correo electr\u00f3nico 93 240 54 64 Ll\u00e1manos pulsando este n\u00famero<\/p>","protected":false},"author":1,"featured_media":0,"parent":0,"menu_order":16,"comment_status":"closed","ping_status":"closed","template":"","meta":{"footnotes":""},"class_list":["post-60","page","type-page","status-publish","hentry"],"yoast_head":"<!-- This site is optimized with the Yoast SEO plugin v26.8 - https:\/\/yoast.com\/product\/yoast-seo-wordpress\/ -->\n<title>Gimpera Models | Agencia de Modelos en Barcelona | Cont\u00e1ctanos<\/title>\n<meta name=\"description\" content=\"Contacto | Gimpera Models - Aqu\u00ed podr\u00e1 contactar con nuestra agencia. \u00a1V\u00eda tel\u00e9fono, email o vis\u00edtenos!\" \/>\n<meta name=\"robots\" content=\"index, follow, max-snippet:-1, max-image-preview:large, max-video-preview:-1\" \/>\n<link rel=\"canonical\" href=\"https:\/\/gimperamodels.com\/en\/contacto\/\" \/>\n<meta property=\"og:locale\" content=\"en_US\" \/>\n<meta property=\"og:type\" content=\"article\" \/>\n<meta property=\"og:title\" content=\"Gimpera Models | Agencia de Modelos en Barcelona | Cont\u00e1ctanos\" \/>\n<meta property=\"og:description\" content=\"Contacto | Gimpera Models - Aqu\u00ed podr\u00e1 contactar con nuestra agencia. \u00a1V\u00eda tel\u00e9fono, email o vis\u00edtenos!\" \/>\n<meta property=\"og:url\" content=\"https:\/\/gimperamodels.com\/en\/contacto\/\" \/>\n<meta property=\"og:site_name\" content=\"Gimpera Models | Agencia de Modelos en Barcelona\" \/>\n<meta property=\"article:publisher\" content=\"https:\/\/www.facebook.com\/gimpera\" \/>\n<meta property=\"article:modified_time\" content=\"2024-05-23T15:11:04+00:00\" \/>\n<meta name=\"twitter:card\" content=\"summary_large_image\" \/>\n<meta name=\"twitter:label1\" content=\"Est. reading time\" \/>\n\t<meta name=\"twitter:data1\" content=\"1 minute\" \/>\n<script type=\"application\/ld+json\" class=\"yoast-schema-graph\">{\"@context\":\"https:\/\/schema.org\",\"@graph\":[{\"@type\":\"WebPage\",\"@id\":\"https:\/\/gimperamodels.com\/contacto\/\",\"url\":\"https:\/\/gimperamodels.com\/contacto\/\",\"name\":\"Gimpera Models | Agencia de Modelos en Barcelona | Cont\u00e1ctanos\",\"isPartOf\":{\"@id\":\"https:\/\/gimperamodels.com\/en\/#website\"},\"datePublished\":\"2023-11-14T19:58:43+00:00\",\"dateModified\":\"2024-05-23T15:11:04+00:00\",\"description\":\"Contacto | Gimpera Models - Aqu\u00ed podr\u00e1 contactar con nuestra agencia. \u00a1V\u00eda tel\u00e9fono, email o vis\u00edtenos!\",\"breadcrumb\":{\"@id\":\"https:\/\/gimperamodels.com\/contacto\/#breadcrumb\"},\"inLanguage\":\"en-US\",\"potentialAction\":[{\"@type\":\"ReadAction\",\"target\":[\"https:\/\/gimperamodels.com\/contacto\/\"]}]},{\"@type\":\"BreadcrumbList\",\"@id\":\"https:\/\/gimperamodels.com\/contacto\/#breadcrumb\",\"itemListElement\":[{\"@type\":\"ListItem\",\"position\":1,\"name\":\"Home\",\"item\":\"https:\/\/gimperamodels.com\/\"},{\"@type\":\"ListItem\",\"position\":2,\"name\":\"Cont\u00e1ctanos\"}]},{\"@type\":\"WebSite\",\"@id\":\"https:\/\/gimperamodels.com\/en\/#website\",\"url\":\"https:\/\/gimperamodels.com\/en\/\",\"name\":\"Gimpera Models | Agencia de modelos en Barcelona\",\"description\":\"Agencia de Modelos y Actores en Barcelona\",\"publisher\":{\"@id\":\"https:\/\/gimperamodels.com\/en\/#organization\"},\"alternateName\":\"Gimpera Models BCN\",\"potentialAction\":[{\"@type\":\"SearchAction\",\"target\":{\"@type\":\"EntryPoint\",\"urlTemplate\":\"https:\/\/gimperamodels.com\/en\/?s={search_term_string}\"},\"query-input\":{\"@type\":\"PropertyValueSpecification\",\"valueRequired\":true,\"valueName\":\"search_term_string\"}}],\"inLanguage\":\"en-US\"},{\"@type\":\"Organization\",\"@id\":\"https:\/\/gimperamodels.com\/en\/#organization\",\"name\":\"Gimpera Models | Agencia de modelos en Barcelona\",\"alternateName\":\"Gimpera Models\",\"url\":\"https:\/\/gimperamodels.com\/en\/\",\"logo\":{\"@type\":\"ImageObject\",\"inLanguage\":\"en-US\",\"@id\":\"https:\/\/gimperamodels.com\/en\/#\/schema\/logo\/image\/\",\"url\":\"https:\/\/gimperamodels.com\/wp-content\/uploads\/2023\/11\/logo-2.png\",\"contentUrl\":\"https:\/\/gimperamodels.com\/wp-content\/uploads\/2023\/11\/logo-2.png\",\"width\":1183,\"height\":211,\"caption\":\"Gimpera Models | Agencia de modelos en Barcelona\"},\"image\":{\"@id\":\"https:\/\/gimperamodels.com\/en\/#\/schema\/logo\/image\/\"},\"sameAs\":[\"https:\/\/www.facebook.com\/gimpera\",\"https:\/\/www.instagram.com\/gimperamodels\/?hl=es\"]}]}<\/script>\n<!-- \/ Yoast SEO plugin. -->","yoast_head_json":{"title":"Gimpera Models | Agencia de Modelos en Barcelona | Cont\u00e1ctanos","description":"Contacto | Gimpera Models - Aqu\u00ed podr\u00e1 contactar con nuestra agencia. \u00a1V\u00eda tel\u00e9fono, email o vis\u00edtenos!","robots":{"index":"index","follow":"follow","max-snippet":"max-snippet:-1","max-image-preview":"max-image-preview:large","max-video-preview":"max-video-preview:-1"},"canonical":"https:\/\/gimperamodels.com\/en\/contacto\/","og_locale":"en_US","og_type":"article","og_title":"Gimpera Models | Agencia de Modelos en Barcelona | Cont\u00e1ctanos","og_description":"Contacto | Gimpera Models - Aqu\u00ed podr\u00e1 contactar con nuestra agencia. \u00a1V\u00eda tel\u00e9fono, email o vis\u00edtenos!","og_url":"https:\/\/gimperamodels.com\/en\/contacto\/","og_site_name":"Gimpera Models | Agencia de Modelos en Barcelona","article_publisher":"https:\/\/www.facebook.com\/gimpera","article_modified_time":"2024-05-23T15:11:04+00:00","twitter_card":"summary_large_image","twitter_misc":{"Est. reading time":"1 minute"},"schema":{"@context":"https:\/\/schema.org","@graph":[{"@type":"WebPage","@id":"https:\/\/gimperamodels.com\/contacto\/","url":"https:\/\/gimperamodels.com\/contacto\/","name":"Gimpera Models | Agencia de Modelos en Barcelona | Cont\u00e1ctanos","isPartOf":{"@id":"https:\/\/gimperamodels.com\/en\/#website"},"datePublished":"2023-11-14T19:58:43+00:00","dateModified":"2024-05-23T15:11:04+00:00","description":"Contacto | Gimpera Models - Aqu\u00ed podr\u00e1 contactar con nuestra agencia. \u00a1V\u00eda tel\u00e9fono, email o vis\u00edtenos!","breadcrumb":{"@id":"https:\/\/gimperamodels.com\/contacto\/#breadcrumb"},"inLanguage":"en-US","potentialAction":[{"@type":"ReadAction","target":["https:\/\/gimperamodels.com\/contacto\/"]}]},{"@type":"BreadcrumbList","@id":"https:\/\/gimperamodels.com\/contacto\/#breadcrumb","itemListElement":[{"@type":"ListItem","position":1,"name":"Home","item":"https:\/\/gimperamodels.com\/"},{"@type":"ListItem","position":2,"name":"Cont\u00e1ctanos"}]},{"@type":"WebSite","@id":"https:\/\/gimperamodels.com\/en\/#website","url":"https:\/\/gimperamodels.com\/en\/","name":"Gimpera Models | Agencia de modelos en Barcelona","description":"Agencia de Modelos y Actores en Barcelona","publisher":{"@id":"https:\/\/gimperamodels.com\/en\/#organization"},"alternateName":"Gimpera Models BCN","potentialAction":[{"@type":"SearchAction","target":{"@type":"EntryPoint","urlTemplate":"https:\/\/gimperamodels.com\/en\/?s={search_term_string}"},"query-input":{"@type":"PropertyValueSpecification","valueRequired":true,"valueName":"search_term_string"}}],"inLanguage":"en-US"},{"@type":"Organization","@id":"https:\/\/gimperamodels.com\/en\/#organization","name":"Gimpera Models | Agencia de modelos en Barcelona","alternateName":"Gimpera Models","url":"https:\/\/gimperamodels.com\/en\/","logo":{"@type":"ImageObject","inLanguage":"en-US","@id":"https:\/\/gimperamodels.com\/en\/#\/schema\/logo\/image\/","url":"https:\/\/gimperamodels.com\/wp-content\/uploads\/2023\/11\/logo-2.png","contentUrl":"https:\/\/gimperamodels.com\/wp-content\/uploads\/2023\/11\/logo-2.png","width":1183,"height":211,"caption":"Gimpera Models | Agencia de modelos en Barcelona"},"image":{"@id":"https:\/\/gimperamodels.com\/en\/#\/schema\/logo\/image\/"},"sameAs":["https:\/\/www.facebook.com\/gimpera","https:\/\/www.instagram.com\/gimperamodels\/?hl=es"]}]}},"_links":{"self":[{"href":"https:\/\/gimperamodels.com\/en\/wp-json\/wp\/v2\/pages\/60","targetHints":{"allow":["GET"]}}],"collection":[{"href":"https:\/\/gimperamodels.com\/en\/wp-json\/wp\/v2\/pages"}],"about":[{"href":"https:\/\/gimperamodels.com\/en\/wp-json\/wp\/v2\/types\/page"}],"author":[{"embeddable":true,"href":"https:\/\/gimperamodels.com\/en\/wp-json\/wp\/v2\/users\/1"}],"replies":[{"embeddable":true,"href":"https:\/\/gimperamodels.com\/en\/wp-json\/wp\/v2\/comments?post=60"}],"version-history":[{"count":0,"href":"https:\/\/gimperamodels.com\/en\/wp-json\/wp\/v2\/pages\/60\/revisions"}],"wp:attachment":[{"href":"https:\/\/gimperamodels.com\/en\/wp-json\/wp\/v2\/media?parent=60"}],"curies":[{"name":"wp","href":"https:\/\/api.w.org\/{rel}","templated":true}]}}